{"id":18686,"date":"2026-03-16T16:38:49","date_gmt":"2026-03-16T19:38:49","guid":{"rendered":"https:\/\/mundocoop.com.br\/medialab\/?page_id=18686"},"modified":"2026-04-14T19:24:06","modified_gmt":"2026-04-14T22:24:06","slug":"portfolio-esgreen","status":"publish","type":"page","link":"https:\/\/mundocoop.com.br\/medialab\/portfolio-esgreen\/","title":{"rendered":"Portfolio esgreen"},"content":{"rendered":"\t\t<div data-elementor-type=\"wp-page\" data-elementor-id=\"18686\" class=\"elementor elementor-18686\">\n\t\t\t\t<div class=\"elementor-element elementor-element-1d12f06 e-flex e-con-boxed e-con e-parent\" data-id=\"1d12f06\" data-element_type=\"container\" data-e-type=\"container\" data-settings=\"{&quot;background_background&quot;:&quot;classic&quot;}\">\n\t\t\t\t\t<div class=\"e-con-inner\">\n\t\t<div class=\"elementor-element elementor-element-aeec9c4 e-con-full e-flex e-con e-child\" data-id=\"aeec9c4\" data-element_type=\"container\" data-e-type=\"container\">\n\t\t<div class=\"elementor-element elementor-element-c3821b1 e-con-full e-flex e-con e-child\" data-id=\"c3821b1\" data-element_type=\"container\" data-e-type=\"container\">\n\t\t\t\t<div class=\"elementor-element elementor-element-09d64b2 fade-anim elementor-widget elementor-widget-image\" data-id=\"09d64b2\" data-element_type=\"widget\" data-e-type=\"widget\" data-widget_type=\"image.default\">\n\t\t\t\t\t\t\t\t\t\t\t\t\t\t\t<img fetchpriority=\"high\" decoding=\"async\" width=\"315\" height=\"180\" src=\"https:\/\/mundocoop.com.br\/medialab\/wp-content\/uploads\/2026\/03\/LOGO-ESGREEN.png\" class=\"attachment-full size-full wp-image-18704\" alt=\"\" \/>\t\t\t\t\t\t\t\t\t\t\t\t\t\t\t<\/div>\n\t\t\t\t<\/div>\n\t\t<div class=\"elementor-element elementor-element-f48f9fe e-con-full e-flex e-con e-child\" data-id=\"f48f9fe\" data-element_type=\"container\" data-e-type=\"container\">\n\t\t\t\t<div class=\"elementor-element elementor-element-99d831a fade-anim elementor-widget elementor-widget-heading\" data-id=\"99d831a\" data-element_type=\"widget\" data-e-type=\"widget\" data-widget_type=\"heading.default\">\n\t\t\t\t\t<h1 class=\"elementor-heading-title elementor-size-default\">ESGreen<\/h1>\t\t\t\t<\/div>\n\t\t\t\t<\/div>\n\t\t\t\t<\/div>\n\t\t\t\t\t<\/div>\n\t\t\t\t<\/div>\n\t\t<div class=\"elementor-element elementor-element-d4195a9 e-con-full e-flex e-con e-parent\" data-id=\"d4195a9\" data-element_type=\"container\" data-e-type=\"container\" data-settings=\"{&quot;background_background&quot;:&quot;classic&quot;}\">\n\t\t\t\t<div class=\"elementor-element elementor-element-583b65c elementor-widget elementor-widget-arrox-image\" data-id=\"583b65c\" data-element_type=\"widget\" data-e-type=\"widget\" data-settings=\"{&quot;arrox_anima_type&quot;:&quot;parallax-view&quot;}\" data-widget_type=\"arrox-image.default\">\n\t\t\t\t<div class=\"elementor-widget-container\">\n\t\t\t\t\t\r\n\t\t\t\t\t\t<div class=\"image-wrapper arrox-el-image parallax-view\">\r\n        \t<img decoding=\"async\" class=\"w-100\" src=\"https:\/\/mundocoop.com.br\/medialab\/wp-content\/uploads\/2026\/03\/abre-esgreen.png\" alt=\"\" data-speed=\"0.8\">\r\n        <\/div>\r\n\t\t\r\n\t\t\t\t\t\t<\/div>\n\t\t\t\t<\/div>\n\t\t\t\t<\/div>\n\t\t<div class=\"elementor-element elementor-element-9ba0bb9 e-flex e-con-boxed e-con e-parent\" data-id=\"9ba0bb9\" data-element_type=\"container\" data-e-type=\"container\" data-settings=\"{&quot;background_background&quot;:&quot;classic&quot;}\">\n\t\t\t\t\t<div class=\"e-con-inner\">\n\t\t<div class=\"elementor-element elementor-element-3a681b9 e-con-full e-flex e-con e-child\" data-id=\"3a681b9\" data-element_type=\"container\" data-e-type=\"container\">\n\t\t\t\t<div class=\"elementor-element elementor-element-035540a fade-anim elementor-widget__width-initial elementor-widget elementor-widget-heading\" data-id=\"035540a\" data-element_type=\"widget\" data-e-type=\"widget\" data-widget_type=\"heading.default\">\n\t\t\t\t\t<h2 class=\"elementor-heading-title elementor-size-default\">CooperaESG: informa\u00e7\u00e3o para uma gest\u00e3o mais sustent\u00e1vel<\/h2>\t\t\t\t<\/div>\n\t\t\t\t<\/div>\n\t\t<div class=\"elementor-element elementor-element-7a07dd8 e-con-full e-flex e-con e-child\" data-id=\"7a07dd8\" data-element_type=\"container\" data-e-type=\"container\">\n\t\t\t\t<div class=\"elementor-element elementor-element-4ac10ff fade-anim elementor-widget elementor-widget-text-editor\" data-id=\"4ac10ff\" data-element_type=\"widget\" data-e-type=\"widget\" data-widget_type=\"text-editor.default\">\n\t\t\t\t\t\t\t\t\tA ESGreen, especializada em gest\u00e3o de riscos e estrat\u00e9gias ESG, apoiou o desenvolvimento do CooperaESG, um projeto editorial criado pela MundoCoop para ampliar o acesso a informa\u00e7\u00f5es e reflex\u00f5es sobre sustentabilidade, governan\u00e7a e responsabilidade social no universo do cooperativismo.<br><br>\n\nA MundoCoop MediaLab foi respons\u00e1vel por estruturar o projeto, desenvolvendo o conceito editorial, o projeto gr\u00e1fico e a produ\u00e7\u00e3o de conte\u00fados jornal\u00edsticos, com not\u00edcias e an\u00e1lises voltadas aos desafios e oportunidades da agenda ESG no setor.\n\t\t\t\t\t\t\t\t<\/div>\n\t\t\t\t<div class=\"elementor-element elementor-element-fc98b13 fade-anim elementor-icon-list--layout-traditional elementor-list-item-link-full_width elementor-widget elementor-widget-icon-list\" data-id=\"fc98b13\" data-element_type=\"widget\" data-e-type=\"widget\" data-widget_type=\"icon-list.default\">\n\t\t\t\t\t\t\t<ul class=\"elementor-icon-list-items\">\n\t\t\t\t\t\t\t<li class=\"elementor-icon-list-item\">\n\t\t\t\t\t\t\t\t\t\t\t<span class=\"elementor-icon-list-icon\">\n\t\t\t\t\t\t\t<i aria-hidden=\"true\" class=\"fas fa-plus\"><\/i>\t\t\t\t\t\t<\/span>\n\t\t\t\t\t\t\t\t\t\t<span class=\"elementor-icon-list-text\">Concep\u00e7\u00e3o editorial do projeto CooperaESG<\/span>\n\t\t\t\t\t\t\t\t\t<\/li>\n\t\t\t\t\t\t\t\t<li class=\"elementor-icon-list-item\">\n\t\t\t\t\t\t\t\t\t\t\t<span class=\"elementor-icon-list-icon\">\n\t\t\t\t\t\t\t<i aria-hidden=\"true\" class=\"fas fa-plus\"><\/i>\t\t\t\t\t\t<\/span>\n\t\t\t\t\t\t\t\t\t\t<span class=\"elementor-icon-list-text\">Cria\u00e7\u00e3o do projeto gr\u00e1fico e identidade visual<\/span>\n\t\t\t\t\t\t\t\t\t<\/li>\n\t\t\t\t\t\t\t\t<li class=\"elementor-icon-list-item\">\n\t\t\t\t\t\t\t\t\t\t\t<span class=\"elementor-icon-list-icon\">\n\t\t\t\t\t\t\t<i aria-hidden=\"true\" class=\"fas fa-plus\"><\/i>\t\t\t\t\t\t<\/span>\n\t\t\t\t\t\t\t\t\t\t<span class=\"elementor-icon-list-text\">Curadoria de temas sobre sustentabilidade e governan\u00e7a<\/span>\n\t\t\t\t\t\t\t\t\t<\/li>\n\t\t\t\t\t\t\t\t<li class=\"elementor-icon-list-item\">\n\t\t\t\t\t\t\t\t\t\t\t<span class=\"elementor-icon-list-icon\">\n\t\t\t\t\t\t\t<i aria-hidden=\"true\" class=\"fas fa-plus\"><\/i>\t\t\t\t\t\t<\/span>\n\t\t\t\t\t\t\t\t\t\t<span class=\"elementor-icon-list-text\">Estrutura\u00e7\u00e3o do espa\u00e7o editorial no portal MundoCoop<\/span>\n\t\t\t\t\t\t\t\t\t<\/li>\n\t\t\t\t\t\t<\/ul>\n\t\t\t\t\t\t<\/div>\n\t\t\t\t<\/div>\n\t\t\t\t\t<\/div>\n\t\t\t\t<\/div>\n\t\t<div class=\"elementor-element elementor-element-4f0fd9c e-flex e-con-boxed e-con e-parent\" data-id=\"4f0fd9c\" data-element_type=\"container\" data-e-type=\"container\" data-settings=\"{&quot;background_background&quot;:&quot;classic&quot;}\">\n\t\t\t\t\t<div class=\"e-con-inner\">\n\t\t<div class=\"elementor-element elementor-element-5740ea3 e-con-full e-flex e-con e-child\" data-id=\"5740ea3\" data-element_type=\"container\" data-e-type=\"container\">\n\t\t<div class=\"elementor-element elementor-element-a797e3f e-con-full e-flex e-con e-child\" data-id=\"a797e3f\" data-element_type=\"container\" data-e-type=\"container\">\n\t\t\t\t<div class=\"elementor-element elementor-element-13928c8 elementor-widget elementor-widget-arrox-image\" data-id=\"13928c8\" data-element_type=\"widget\" data-e-type=\"widget\" data-settings=\"{&quot;arrox_anima_type&quot;:&quot;parallax-view&quot;}\" data-widget_type=\"arrox-image.default\">\n\t\t\t\t<div class=\"elementor-widget-container\">\n\t\t\t\t\t\r\n\t\t\t\t\t\t<div class=\"image-wrapper arrox-el-image parallax-view\">\r\n        \t<img decoding=\"async\" class=\"w-100\" src=\"https:\/\/mundocoop.com.br\/medialab\/wp-content\/uploads\/2026\/03\/esgreen-horizontal.png\" alt=\"\" data-speed=\"0.8\">\r\n        <\/div>\r\n\t\t\r\n\t\t\t\t\t\t<\/div>\n\t\t\t\t<\/div>\n\t\t\t\t<\/div>\n\t\t<div class=\"elementor-element elementor-element-7213cd8 e-con-full e-flex e-con e-child\" data-id=\"7213cd8\" data-element_type=\"container\" data-e-type=\"container\">\n\t\t\t\t<div class=\"elementor-element elementor-element-9db4e86 elementor-widget elementor-widget-arrox-image\" data-id=\"9db4e86\" data-element_type=\"widget\" data-e-type=\"widget\" data-settings=\"{&quot;arrox_anima_type&quot;:&quot;parallax-view&quot;}\" data-widget_type=\"arrox-image.default\">\n\t\t\t\t<div class=\"elementor-widget-container\">\n\t\t\t\t\t\r\n\t\t\t\t\t\t<div class=\"image-wrapper arrox-el-image parallax-view\">\r\n        \t<img decoding=\"async\" class=\"w-100\" src=\"https:\/\/mundocoop.com.br\/medialab\/wp-content\/uploads\/2026\/03\/esgreen-vertical.png\" alt=\"\" data-speed=\"0.8\">\r\n        <\/div>\r\n\t\t\r\n\t\t\t\t\t\t<\/div>\n\t\t\t\t<\/div>\n\t\t\t\t<\/div>\n\t\t\t\t<\/div>\n\t\t<div class=\"elementor-element elementor-element-8e1a797 e-con-full e-flex e-con e-child\" data-id=\"8e1a797\" data-element_type=\"container\" data-e-type=\"container\">\n\t\t\t\t<\/div>\n\t\t\t\t\t<\/div>\n\t\t\t\t<\/div>\n\t\t\t\t<\/div>\n\t\t","protected":false},"excerpt":{"rendered":"<p>ESGreen CooperaESG: informa\u00e7\u00e3o para uma gest\u00e3o mais sustent\u00e1vel A ESGreen, especializada em gest\u00e3o de riscos e estrat\u00e9gias ESG, apoiou o desenvolvimento do CooperaESG, um projeto editorial criado pela MundoCoop para ampliar o acesso a informa\u00e7\u00f5es e reflex\u00f5es sobre sustentabilidade, governan\u00e7a e responsabilidade social no universo do cooperativismo. A MundoCoop MediaLab foi respons\u00e1vel por estruturar o [&hellip;]<\/p>\n","protected":false},"author":1,"featured_media":0,"parent":0,"menu_order":0,"comment_status":"closed","ping_status":"closed","template":"elementor_header_footer","meta":{"footnotes":""},"class_list":["post-18686","page","type-page","status-publish","hentry"],"aioseo_notices":[],"_links":{"self":[{"href":"https:\/\/mundocoop.com.br\/medialab\/wp-json\/wp\/v2\/pages\/18686","targetHints":{"allow":["GET"]}}],"collection":[{"href":"https:\/\/mundocoop.com.br\/medialab\/wp-json\/wp\/v2\/pages"}],"about":[{"href":"https:\/\/mundocoop.com.br\/medialab\/wp-json\/wp\/v2\/types\/page"}],"author":[{"embeddable":true,"href":"https:\/\/mundocoop.com.br\/medialab\/wp-json\/wp\/v2\/users\/1"}],"replies":[{"embeddable":true,"href":"https:\/\/mundocoop.com.br\/medialab\/wp-json\/wp\/v2\/comments?post=18686"}],"version-history":[{"count":22,"href":"https:\/\/mundocoop.com.br\/medialab\/wp-json\/wp\/v2\/pages\/18686\/revisions"}],"predecessor-version":[{"id":19138,"href":"https:\/\/mundocoop.com.br\/medialab\/wp-json\/wp\/v2\/pages\/18686\/revisions\/19138"}],"wp:attachment":[{"href":"https:\/\/mundocoop.com.br\/medialab\/wp-json\/wp\/v2\/media?parent=18686"}],"curies":[{"name":"wp","href":"https:\/\/api.w.org\/{rel}","templated":true}]}}