{"id":18611,"date":"2026-03-14T09:19:39","date_gmt":"2026-03-14T12:19:39","guid":{"rendered":"https:\/\/mundocoop.com.br\/medialab\/?page_id=18611"},"modified":"2026-03-16T13:38:47","modified_gmt":"2026-03-16T16:38:47","slug":"portfolio-quanta-previdencia","status":"publish","type":"page","link":"https:\/\/mundocoop.com.br\/medialab\/portfolio-quanta-previdencia\/","title":{"rendered":"Portfolio Quanta previdencia"},"content":{"rendered":"\t\t<div data-elementor-type=\"wp-page\" data-elementor-id=\"18611\" class=\"elementor elementor-18611\">\n\t\t\t\t<div class=\"elementor-element elementor-element-1d12f06 e-flex e-con-boxed e-con e-parent\" data-id=\"1d12f06\" data-element_type=\"container\" data-e-type=\"container\" data-settings=\"{&quot;background_background&quot;:&quot;classic&quot;}\">\n\t\t\t\t\t<div class=\"e-con-inner\">\n\t\t<div class=\"elementor-element elementor-element-aeec9c4 e-con-full e-flex e-con e-child\" data-id=\"aeec9c4\" data-element_type=\"container\" data-e-type=\"container\">\n\t\t<div class=\"elementor-element elementor-element-c3821b1 e-con-full e-flex e-con e-child\" data-id=\"c3821b1\" data-element_type=\"container\" data-e-type=\"container\">\n\t\t\t\t<div class=\"elementor-element elementor-element-09d64b2 fade-anim elementor-widget elementor-widget-image\" data-id=\"09d64b2\" data-element_type=\"widget\" data-e-type=\"widget\" data-widget_type=\"image.default\">\n\t\t\t\t\t\t\t\t\t\t\t\t\t\t\t<img fetchpriority=\"high\" decoding=\"async\" width=\"315\" height=\"180\" src=\"https:\/\/mundocoop.com.br\/medialab\/wp-content\/uploads\/2026\/03\/logo-quanta.png\" class=\"attachment-full size-full wp-image-18627\" alt=\"\" \/>\t\t\t\t\t\t\t\t\t\t\t\t\t\t\t<\/div>\n\t\t\t\t<\/div>\n\t\t<div class=\"elementor-element elementor-element-f48f9fe e-con-full e-flex e-con e-child\" data-id=\"f48f9fe\" data-element_type=\"container\" data-e-type=\"container\">\n\t\t\t\t<div class=\"elementor-element elementor-element-99d831a fade-anim elementor-widget elementor-widget-heading\" data-id=\"99d831a\" data-element_type=\"widget\" data-e-type=\"widget\" data-widget_type=\"heading.default\">\n\t\t\t\t\t<h1 class=\"elementor-heading-title elementor-size-default\">Quanta Previd\u00eancia<br>\nCooperativa<\/h1>\t\t\t\t<\/div>\n\t\t\t\t<\/div>\n\t\t\t\t<\/div>\n\t\t\t\t\t<\/div>\n\t\t\t\t<\/div>\n\t\t<div class=\"elementor-element elementor-element-d4195a9 e-con-full e-flex e-con e-parent\" data-id=\"d4195a9\" data-element_type=\"container\" data-e-type=\"container\" data-settings=\"{&quot;background_background&quot;:&quot;classic&quot;}\">\n\t\t\t\t<div class=\"elementor-element elementor-element-583b65c elementor-widget elementor-widget-arrox-image\" data-id=\"583b65c\" data-element_type=\"widget\" data-e-type=\"widget\" data-settings=\"{&quot;arrox_anima_type&quot;:&quot;parallax-view&quot;}\" data-widget_type=\"arrox-image.default\">\n\t\t\t\t<div class=\"elementor-widget-container\">\n\t\t\t\t\t\r\n\t\t\t\t\t\t<div class=\"image-wrapper arrox-el-image parallax-view\">\r\n        \t<img decoding=\"async\" class=\"w-100\" src=\"https:\/\/mundocoop.com.br\/medialab\/wp-content\/uploads\/2026\/03\/quanta-maior.png\" alt=\"\" data-speed=\"0.8\">\r\n        <\/div>\r\n\t\t\r\n\t\t\t\t\t\t<\/div>\n\t\t\t\t<\/div>\n\t\t\t\t<\/div>\n\t\t<div class=\"elementor-element elementor-element-9ba0bb9 e-flex e-con-boxed e-con e-parent\" data-id=\"9ba0bb9\" data-element_type=\"container\" data-e-type=\"container\" data-settings=\"{&quot;background_background&quot;:&quot;classic&quot;}\">\n\t\t\t\t\t<div class=\"e-con-inner\">\n\t\t<div class=\"elementor-element elementor-element-3a681b9 e-con-full e-flex e-con e-child\" data-id=\"3a681b9\" data-element_type=\"container\" data-e-type=\"container\">\n\t\t\t\t<div class=\"elementor-element elementor-element-035540a fade-anim elementor-widget__width-initial elementor-widget elementor-widget-heading\" data-id=\"035540a\" data-element_type=\"widget\" data-e-type=\"widget\" data-widget_type=\"heading.default\">\n\t\t\t\t\t<h2 class=\"elementor-heading-title elementor-size-default\">Vida longa, vida boa: conte\u00fado para viver melhor o futuro<\/h2>\t\t\t\t<\/div>\n\t\t\t\t<\/div>\n\t\t<div class=\"elementor-element elementor-element-7a07dd8 e-con-full e-flex e-con e-child\" data-id=\"7a07dd8\" data-element_type=\"container\" data-e-type=\"container\">\n\t\t\t\t<div class=\"elementor-element elementor-element-4ac10ff fade-anim elementor-widget elementor-widget-text-editor\" data-id=\"4ac10ff\" data-element_type=\"widget\" data-e-type=\"widget\" data-widget_type=\"text-editor.default\">\n\t\t\t\t\t\t\t\t\tPara abordar os desafios e oportunidades de viver mais, a <b>Quanta Previd\u00eancia Cooperativa<\/b> desenvolveu um caderno especial sobre longevidade. Com o conceito \u201cVida longa, vida boa\u201d, o material traz reflex\u00f5es e dicas sobre como se preparar, chegar e aproveitar essa nova etapa da vida com planejamento, bem-estar e seguran\u00e7a.<br><br>\n\nA <b>MundoCoop MediaLab<\/b> transformou o tema em um projeto editorial inspirador, conectando informa\u00e7\u00e3o, qualidade de vida e planejamento para o futuro.\n\t\t\t\t\t\t\t\t<\/div>\n\t\t\t\t<div class=\"elementor-element elementor-element-fc98b13 fade-anim elementor-icon-list--layout-traditional elementor-list-item-link-full_width elementor-widget elementor-widget-icon-list\" data-id=\"fc98b13\" data-element_type=\"widget\" data-e-type=\"widget\" data-widget_type=\"icon-list.default\">\n\t\t\t\t\t\t\t<ul class=\"elementor-icon-list-items\">\n\t\t\t\t\t\t\t<li class=\"elementor-icon-list-item\">\n\t\t\t\t\t\t\t\t\t\t\t<span class=\"elementor-icon-list-icon\">\n\t\t\t\t\t\t\t<i aria-hidden=\"true\" class=\"fas fa-plus\"><\/i>\t\t\t\t\t\t<\/span>\n\t\t\t\t\t\t\t\t\t\t<span class=\"elementor-icon-list-text\">Concep\u00e7\u00e3o editorial do caderno especial<\/span>\n\t\t\t\t\t\t\t\t\t<\/li>\n\t\t\t\t\t\t\t\t<li class=\"elementor-icon-list-item\">\n\t\t\t\t\t\t\t\t\t\t\t<span class=\"elementor-icon-list-icon\">\n\t\t\t\t\t\t\t<i aria-hidden=\"true\" class=\"fas fa-plus\"><\/i>\t\t\t\t\t\t<\/span>\n\t\t\t\t\t\t\t\t\t\t<span class=\"elementor-icon-list-text\">Cria\u00e7\u00e3o do projeto gr\u00e1fico<\/span>\n\t\t\t\t\t\t\t\t\t<\/li>\n\t\t\t\t\t\t\t\t<li class=\"elementor-icon-list-item\">\n\t\t\t\t\t\t\t\t\t\t\t<span class=\"elementor-icon-list-icon\">\n\t\t\t\t\t\t\t<i aria-hidden=\"true\" class=\"fas fa-plus\"><\/i>\t\t\t\t\t\t<\/span>\n\t\t\t\t\t\t\t\t\t\t<span class=\"elementor-icon-list-text\">Produ\u00e7\u00e3o, reda\u00e7\u00e3o e edi\u00e7\u00e3o dos conte\u00fados<\/span>\n\t\t\t\t\t\t\t\t\t<\/li>\n\t\t\t\t\t\t\t\t<li class=\"elementor-icon-list-item\">\n\t\t\t\t\t\t\t\t\t\t\t<span class=\"elementor-icon-list-icon\">\n\t\t\t\t\t\t\t<i aria-hidden=\"true\" class=\"fas fa-plus\"><\/i>\t\t\t\t\t\t<\/span>\n\t\t\t\t\t\t\t\t\t\t<span class=\"elementor-icon-list-text\">Curadoria de temas sobre longevidade e planejamento<\/span>\n\t\t\t\t\t\t\t\t\t<\/li>\n\t\t\t\t\t\t\t\t<li class=\"elementor-icon-list-item\">\n\t\t\t\t\t\t\t\t\t\t\t<span class=\"elementor-icon-list-icon\">\n\t\t\t\t\t\t\t<i aria-hidden=\"true\" class=\"fas fa-plus\"><\/i>\t\t\t\t\t\t<\/span>\n\t\t\t\t\t\t\t\t\t\t<span class=\"elementor-icon-list-text\">Dire\u00e7\u00e3o editorial e finaliza\u00e7\u00e3o da publica\u00e7\u00e3o<\/span>\n\t\t\t\t\t\t\t\t\t<\/li>\n\t\t\t\t\t\t<\/ul>\n\t\t\t\t\t\t<\/div>\n\t\t\t\t<\/div>\n\t\t\t\t\t<\/div>\n\t\t\t\t<\/div>\n\t\t<div class=\"elementor-element elementor-element-4f0fd9c e-flex e-con-boxed e-con e-parent\" data-id=\"4f0fd9c\" data-element_type=\"container\" data-e-type=\"container\" data-settings=\"{&quot;background_background&quot;:&quot;classic&quot;}\">\n\t\t\t\t\t<div class=\"e-con-inner\">\n\t\t<div class=\"elementor-element elementor-element-5740ea3 e-con-full e-flex e-con e-child\" data-id=\"5740ea3\" data-element_type=\"container\" data-e-type=\"container\">\n\t\t<div class=\"elementor-element elementor-element-a797e3f e-con-full e-flex e-con e-child\" data-id=\"a797e3f\" data-element_type=\"container\" data-e-type=\"container\">\n\t\t\t\t<div class=\"elementor-element elementor-element-13928c8 elementor-widget elementor-widget-arrox-image\" data-id=\"13928c8\" data-element_type=\"widget\" data-e-type=\"widget\" data-settings=\"{&quot;arrox_anima_type&quot;:&quot;parallax-view&quot;}\" data-widget_type=\"arrox-image.default\">\n\t\t\t\t<div class=\"elementor-widget-container\">\n\t\t\t\t\t\r\n\t\t\t\t\t\t<div class=\"image-wrapper arrox-el-image parallax-view\">\r\n        \t<img decoding=\"async\" class=\"w-100\" src=\"https:\/\/mundocoop.com.br\/medialab\/wp-content\/uploads\/2026\/03\/quanta-horizontal.png\" alt=\"\" data-speed=\"0.8\">\r\n        <\/div>\r\n\t\t\r\n\t\t\t\t\t\t<\/div>\n\t\t\t\t<\/div>\n\t\t\t\t<\/div>\n\t\t<div class=\"elementor-element elementor-element-7213cd8 e-con-full e-flex e-con e-child\" data-id=\"7213cd8\" data-element_type=\"container\" data-e-type=\"container\">\n\t\t\t\t<div class=\"elementor-element elementor-element-9db4e86 elementor-widget elementor-widget-arrox-image\" data-id=\"9db4e86\" data-element_type=\"widget\" data-e-type=\"widget\" data-settings=\"{&quot;arrox_anima_type&quot;:&quot;parallax-view&quot;}\" data-widget_type=\"arrox-image.default\">\n\t\t\t\t<div class=\"elementor-widget-container\">\n\t\t\t\t\t\r\n\t\t\t\t\t\t<div class=\"image-wrapper arrox-el-image parallax-view\">\r\n        \t<img decoding=\"async\" class=\"w-100\" src=\"https:\/\/mundocoop.com.br\/medialab\/wp-content\/uploads\/2026\/03\/quanta-vertical.png\" alt=\"\" data-speed=\"0.8\">\r\n        <\/div>\r\n\t\t\r\n\t\t\t\t\t\t<\/div>\n\t\t\t\t<\/div>\n\t\t\t\t<\/div>\n\t\t\t\t<\/div>\n\t\t<div class=\"elementor-element elementor-element-8e1a797 e-con-full e-flex e-con e-child\" data-id=\"8e1a797\" data-element_type=\"container\" data-e-type=\"container\">\n\t\t\t\t<\/div>\n\t\t\t\t\t<\/div>\n\t\t\t\t<\/div>\n\t\t\t\t<\/div>\n\t\t","protected":false},"excerpt":{"rendered":"<p>Quanta Previd\u00eancia Cooperativa Vida longa, vida boa: conte\u00fado para viver melhor o futuro Para abordar os desafios e oportunidades de viver mais, a Quanta Previd\u00eancia Cooperativa desenvolveu um caderno especial sobre longevidade. Com o conceito \u201cVida longa, vida boa\u201d, o material traz reflex\u00f5es e dicas sobre como se preparar, chegar e aproveitar essa nova etapa [&hellip;]<\/p>\n","protected":false},"author":1,"featured_media":0,"parent":0,"menu_order":0,"comment_status":"closed","ping_status":"closed","template":"elementor_header_footer","meta":{"footnotes":""},"class_list":["post-18611","page","type-page","status-publish","hentry"],"aioseo_notices":[],"_links":{"self":[{"href":"https:\/\/mundocoop.com.br\/medialab\/wp-json\/wp\/v2\/pages\/18611","targetHints":{"allow":["GET"]}}],"collection":[{"href":"https:\/\/mundocoop.com.br\/medialab\/wp-json\/wp\/v2\/pages"}],"about":[{"href":"https:\/\/mundocoop.com.br\/medialab\/wp-json\/wp\/v2\/types\/page"}],"author":[{"embeddable":true,"href":"https:\/\/mundocoop.com.br\/medialab\/wp-json\/wp\/v2\/users\/1"}],"replies":[{"embeddable":true,"href":"https:\/\/mundocoop.com.br\/medialab\/wp-json\/wp\/v2\/comments?post=18611"}],"version-history":[{"count":19,"href":"https:\/\/mundocoop.com.br\/medialab\/wp-json\/wp\/v2\/pages\/18611\/revisions"}],"predecessor-version":[{"id":18645,"href":"https:\/\/mundocoop.com.br\/medialab\/wp-json\/wp\/v2\/pages\/18611\/revisions\/18645"}],"wp:attachment":[{"href":"https:\/\/mundocoop.com.br\/medialab\/wp-json\/wp\/v2\/media?parent=18611"}],"curies":[{"name":"wp","href":"https:\/\/api.w.org\/{rel}","templated":true}]}}