{"id":18500,"date":"2026-03-13T16:05:52","date_gmt":"2026-03-13T19:05:52","guid":{"rendered":"https:\/\/mundocoop.com.br\/medialab\/?page_id=18500"},"modified":"2026-03-13T20:26:49","modified_gmt":"2026-03-13T23:26:49","slug":"portfolio-veiling","status":"publish","type":"page","link":"https:\/\/mundocoop.com.br\/medialab\/portfolio-veiling\/","title":{"rendered":"Portfolio Veiling"},"content":{"rendered":"\t\t<div data-elementor-type=\"wp-page\" data-elementor-id=\"18500\" class=\"elementor elementor-18500\">\n\t\t\t\t<div class=\"elementor-element elementor-element-1d12f06 e-flex e-con-boxed e-con e-parent\" data-id=\"1d12f06\" data-element_type=\"container\" data-e-type=\"container\" data-settings=\"{&quot;background_background&quot;:&quot;classic&quot;}\">\n\t\t\t\t\t<div class=\"e-con-inner\">\n\t\t<div class=\"elementor-element elementor-element-aeec9c4 e-con-full e-flex e-con e-child\" data-id=\"aeec9c4\" data-element_type=\"container\" data-e-type=\"container\">\n\t\t<div class=\"elementor-element elementor-element-c3821b1 e-con-full e-flex e-con e-child\" data-id=\"c3821b1\" data-element_type=\"container\" data-e-type=\"container\">\n\t\t\t\t<div class=\"elementor-element elementor-element-09d64b2 fade-anim elementor-widget elementor-widget-image\" data-id=\"09d64b2\" data-element_type=\"widget\" data-e-type=\"widget\" data-widget_type=\"image.default\">\n\t\t\t\t\t\t\t\t\t\t\t\t\t\t\t<img fetchpriority=\"high\" decoding=\"async\" width=\"315\" height=\"180\" src=\"https:\/\/mundocoop.com.br\/medialab\/wp-content\/uploads\/2026\/03\/imagem-logo-veilig.png\" class=\"attachment-full size-full wp-image-18535\" alt=\"\" \/>\t\t\t\t\t\t\t\t\t\t\t\t\t\t\t<\/div>\n\t\t\t\t<\/div>\n\t\t<div class=\"elementor-element elementor-element-f48f9fe e-con-full e-flex e-con e-child\" data-id=\"f48f9fe\" data-element_type=\"container\" data-e-type=\"container\">\n\t\t\t\t<div class=\"elementor-element elementor-element-99d831a fade-anim elementor-widget elementor-widget-heading\" data-id=\"99d831a\" data-element_type=\"widget\" data-e-type=\"widget\" data-widget_type=\"heading.default\">\n\t\t\t\t\t<h1 class=\"elementor-heading-title elementor-size-default\">Veiling <br>\nHolambra<\/h1>\t\t\t\t<\/div>\n\t\t\t\t<\/div>\n\t\t\t\t<\/div>\n\t\t\t\t\t<\/div>\n\t\t\t\t<\/div>\n\t\t<div class=\"elementor-element elementor-element-d4195a9 e-con-full e-flex e-con e-parent\" data-id=\"d4195a9\" data-element_type=\"container\" data-e-type=\"container\" data-settings=\"{&quot;background_background&quot;:&quot;classic&quot;}\">\n\t\t\t\t<div class=\"elementor-element elementor-element-583b65c elementor-widget elementor-widget-arrox-image\" data-id=\"583b65c\" data-element_type=\"widget\" data-e-type=\"widget\" data-settings=\"{&quot;arrox_anima_type&quot;:&quot;parallax-view&quot;}\" data-widget_type=\"arrox-image.default\">\n\t\t\t\t<div class=\"elementor-widget-container\">\n\t\t\t\t\t\r\n\t\t\t\t\t\t<div class=\"image-wrapper arrox-el-image parallax-view\">\r\n        \t<img decoding=\"async\" class=\"w-100\" src=\"https:\/\/mundocoop.com.br\/medialab\/wp-content\/uploads\/2026\/03\/veiling-a.png\" alt=\"\" data-speed=\"0.8\">\r\n        <\/div>\r\n\t\t\r\n\t\t\t\t\t\t<\/div>\n\t\t\t\t<\/div>\n\t\t\t\t<\/div>\n\t\t<div class=\"elementor-element elementor-element-9ba0bb9 e-flex e-con-boxed e-con e-parent\" data-id=\"9ba0bb9\" data-element_type=\"container\" data-e-type=\"container\" data-settings=\"{&quot;background_background&quot;:&quot;classic&quot;}\">\n\t\t\t\t\t<div class=\"e-con-inner\">\n\t\t<div class=\"elementor-element elementor-element-3a681b9 e-con-full e-flex e-con e-child\" data-id=\"3a681b9\" data-element_type=\"container\" data-e-type=\"container\">\n\t\t\t\t<div class=\"elementor-element elementor-element-035540a fade-anim elementor-widget__width-initial elementor-widget elementor-widget-heading\" data-id=\"035540a\" data-element_type=\"widget\" data-e-type=\"widget\" data-widget_type=\"heading.default\">\n\t\t\t\t\t<h2 class=\"elementor-heading-title elementor-size-default\">Projeto Inspire - Conte\u00fado que movimenta o mercado de flores<\/h2>\t\t\t\t<\/div>\n\t\t\t\t<\/div>\n\t\t<div class=\"elementor-element elementor-element-7a07dd8 e-con-full e-flex e-con e-child\" data-id=\"7a07dd8\" data-element_type=\"container\" data-e-type=\"container\">\n\t\t\t\t<div class=\"elementor-element elementor-element-4ac10ff fade-anim elementor-widget elementor-widget-text-editor\" data-id=\"4ac10ff\" data-element_type=\"widget\" data-e-type=\"widget\" data-widget_type=\"text-editor.default\">\n\t\t\t\t\t\t\t\t\tA <b>MundoCoop MediaLab<\/b> foi respons\u00e1vel por transformar o Projeto Inspire em uma plataforma editorial din\u00e2mica, capaz de traduzir o universo das flores em conte\u00fados relevantes, inspiradores e estrat\u00e9gicos para produtores, floristas, distribuidores e profissionais do setor. O projeto conecta informa\u00e7\u00e3o, criatividade e mercado, ajudando a impulsionar o desenvolvimento da floricultura brasileira.\t\t\t\t\t\t\t\t<\/div>\n\t\t\t\t<div class=\"elementor-element elementor-element-fc98b13 fade-anim elementor-icon-list--layout-traditional elementor-list-item-link-full_width elementor-widget elementor-widget-icon-list\" data-id=\"fc98b13\" data-element_type=\"widget\" data-e-type=\"widget\" data-widget_type=\"icon-list.default\">\n\t\t\t\t\t\t\t<ul class=\"elementor-icon-list-items\">\n\t\t\t\t\t\t\t<li class=\"elementor-icon-list-item\">\n\t\t\t\t\t\t\t\t\t\t\t<span class=\"elementor-icon-list-icon\">\n\t\t\t\t\t\t\t<i aria-hidden=\"true\" class=\"fas fa-plus\"><\/i>\t\t\t\t\t\t<\/span>\n\t\t\t\t\t\t\t\t\t\t<span class=\"elementor-icon-list-text\">Cria\u00e7\u00e3o do conceito editorial do Projeto inspire<\/span>\n\t\t\t\t\t\t\t\t\t<\/li>\n\t\t\t\t\t\t\t\t<li class=\"elementor-icon-list-item\">\n\t\t\t\t\t\t\t\t\t\t\t<span class=\"elementor-icon-list-icon\">\n\t\t\t\t\t\t\t<i aria-hidden=\"true\" class=\"fas fa-plus\"><\/i>\t\t\t\t\t\t<\/span>\n\t\t\t\t\t\t\t\t\t\t<span class=\"elementor-icon-list-text\">Desenvolvimento de conte\u00fados estrat\u00e9gicos<\/span>\n\t\t\t\t\t\t\t\t\t<\/li>\n\t\t\t\t\t\t\t\t<li class=\"elementor-icon-list-item\">\n\t\t\t\t\t\t\t\t\t\t\t<span class=\"elementor-icon-list-icon\">\n\t\t\t\t\t\t\t<i aria-hidden=\"true\" class=\"fas fa-plus\"><\/i>\t\t\t\t\t\t<\/span>\n\t\t\t\t\t\t\t\t\t\t<span class=\"elementor-icon-list-text\">Produ\u00e7\u00e3o e edi\u00e7\u00e3o de mat\u00e9rias<\/span>\n\t\t\t\t\t\t\t\t\t<\/li>\n\t\t\t\t\t\t\t\t<li class=\"elementor-icon-list-item\">\n\t\t\t\t\t\t\t\t\t\t\t<span class=\"elementor-icon-list-icon\">\n\t\t\t\t\t\t\t<i aria-hidden=\"true\" class=\"fas fa-plus\"><\/i>\t\t\t\t\t\t<\/span>\n\t\t\t\t\t\t\t\t\t\t<span class=\"elementor-icon-list-text\">Curadoria de tend\u00eancias, inova\u00e7\u00e3o e oportunidades do setor<\/span>\n\t\t\t\t\t\t\t\t\t<\/li>\n\t\t\t\t\t\t\t\t<li class=\"elementor-icon-list-item\">\n\t\t\t\t\t\t\t\t\t\t\t<span class=\"elementor-icon-list-icon\">\n\t\t\t\t\t\t\t<i aria-hidden=\"true\" class=\"fas fa-plus\"><\/i>\t\t\t\t\t\t<\/span>\n\t\t\t\t\t\t\t\t\t\t<span class=\"elementor-icon-list-text\">Estrutura\u00e7\u00e3o da narrativa para engajar e inspirar profissionais<\/span>\n\t\t\t\t\t\t\t\t\t<\/li>\n\t\t\t\t\t\t<\/ul>\n\t\t\t\t\t\t<\/div>\n\t\t\t\t<\/div>\n\t\t\t\t\t<\/div>\n\t\t\t\t<\/div>\n\t\t<div class=\"elementor-element elementor-element-4f0fd9c e-flex e-con-boxed e-con e-parent\" data-id=\"4f0fd9c\" data-element_type=\"container\" data-e-type=\"container\" data-settings=\"{&quot;background_background&quot;:&quot;classic&quot;}\">\n\t\t\t\t\t<div class=\"e-con-inner\">\n\t\t<div class=\"elementor-element elementor-element-5740ea3 e-con-full e-flex e-con e-child\" data-id=\"5740ea3\" data-element_type=\"container\" data-e-type=\"container\">\n\t\t<div class=\"elementor-element elementor-element-a797e3f e-con-full e-flex e-con e-child\" data-id=\"a797e3f\" data-element_type=\"container\" data-e-type=\"container\">\n\t\t\t\t<div class=\"elementor-element elementor-element-13928c8 elementor-widget elementor-widget-arrox-image\" data-id=\"13928c8\" data-element_type=\"widget\" data-e-type=\"widget\" data-settings=\"{&quot;arrox_anima_type&quot;:&quot;parallax-view&quot;}\" data-widget_type=\"arrox-image.default\">\n\t\t\t\t<div class=\"elementor-widget-container\">\n\t\t\t\t\t\r\n\t\t\t\t\t\t<div class=\"image-wrapper arrox-el-image parallax-view\">\r\n        \t<img decoding=\"async\" class=\"w-100\" src=\"https:\/\/mundocoop.com.br\/medialab\/wp-content\/uploads\/2026\/03\/veiling-2.png\" alt=\"\" data-speed=\"0.8\">\r\n        <\/div>\r\n\t\t\r\n\t\t\t\t\t\t<\/div>\n\t\t\t\t<\/div>\n\t\t\t\t<\/div>\n\t\t<div class=\"elementor-element elementor-element-7213cd8 e-con-full e-flex e-con e-child\" data-id=\"7213cd8\" data-element_type=\"container\" data-e-type=\"container\">\n\t\t\t\t<div class=\"elementor-element elementor-element-9db4e86 elementor-widget elementor-widget-arrox-image\" data-id=\"9db4e86\" data-element_type=\"widget\" data-e-type=\"widget\" data-settings=\"{&quot;arrox_anima_type&quot;:&quot;parallax-view&quot;}\" data-widget_type=\"arrox-image.default\">\n\t\t\t\t<div class=\"elementor-widget-container\">\n\t\t\t\t\t\r\n\t\t\t\t\t\t<div class=\"image-wrapper arrox-el-image parallax-view\">\r\n        \t<img decoding=\"async\" class=\"w-100\" src=\"https:\/\/mundocoop.com.br\/medialab\/wp-content\/uploads\/2026\/03\/veiling-3.png\" alt=\"\" data-speed=\"0.8\">\r\n        <\/div>\r\n\t\t\r\n\t\t\t\t\t\t<\/div>\n\t\t\t\t<\/div>\n\t\t\t\t<\/div>\n\t\t\t\t<\/div>\n\t\t<div class=\"elementor-element elementor-element-8e1a797 e-con-full e-flex e-con e-child\" data-id=\"8e1a797\" data-element_type=\"container\" data-e-type=\"container\">\n\t\t\t\t<\/div>\n\t\t\t\t\t<\/div>\n\t\t\t\t<\/div>\n\t\t\t\t<\/div>\n\t\t","protected":false},"excerpt":{"rendered":"<p>Veiling Holambra Projeto Inspire &#8211; Conte\u00fado que movimenta o mercado de flores A MundoCoop MediaLab foi respons\u00e1vel por transformar o Projeto Inspire em uma plataforma editorial din\u00e2mica, capaz de traduzir o universo das flores em conte\u00fados relevantes, inspiradores e estrat\u00e9gicos para produtores, floristas, distribuidores e profissionais do setor. O projeto conecta informa\u00e7\u00e3o, criatividade e mercado, [&hellip;]<\/p>\n","protected":false},"author":1,"featured_media":0,"parent":0,"menu_order":0,"comment_status":"closed","ping_status":"closed","template":"elementor_header_footer","meta":{"footnotes":""},"class_list":["post-18500","page","type-page","status-publish","hentry"],"aioseo_notices":[],"_links":{"self":[{"href":"https:\/\/mundocoop.com.br\/medialab\/wp-json\/wp\/v2\/pages\/18500","targetHints":{"allow":["GET"]}}],"collection":[{"href":"https:\/\/mundocoop.com.br\/medialab\/wp-json\/wp\/v2\/pages"}],"about":[{"href":"https:\/\/mundocoop.com.br\/medialab\/wp-json\/wp\/v2\/types\/page"}],"author":[{"embeddable":true,"href":"https:\/\/mundocoop.com.br\/medialab\/wp-json\/wp\/v2\/users\/1"}],"replies":[{"embeddable":true,"href":"https:\/\/mundocoop.com.br\/medialab\/wp-json\/wp\/v2\/comments?post=18500"}],"version-history":[{"count":19,"href":"https:\/\/mundocoop.com.br\/medialab\/wp-json\/wp\/v2\/pages\/18500\/revisions"}],"predecessor-version":[{"id":18580,"href":"https:\/\/mundocoop.com.br\/medialab\/wp-json\/wp\/v2\/pages\/18500\/revisions\/18580"}],"wp:attachment":[{"href":"https:\/\/mundocoop.com.br\/medialab\/wp-json\/wp\/v2\/media?parent=18500"}],"curies":[{"name":"wp","href":"https:\/\/api.w.org\/{rel}","templated":true}]}}