{"id":1059,"date":"2025-03-24T09:52:35","date_gmt":"2025-03-24T09:52:35","guid":{"rendered":"https:\/\/wp.ravextheme.com\/arrox\/?page_id=1059"},"modified":"2026-04-21T12:33:44","modified_gmt":"2026-04-21T15:33:44","slug":"contact","status":"publish","type":"page","link":"https:\/\/mundocoop.com.br\/medialab\/contact\/","title":{"rendered":"Contact"},"content":{"rendered":"\t\t<div data-elementor-type=\"wp-page\" data-elementor-id=\"1059\" class=\"elementor elementor-1059\">\n\t\t\t\t<div class=\"elementor-element elementor-element-601535c e-flex e-con-boxed e-con e-parent\" data-id=\"601535c\" data-element_type=\"container\" data-e-type=\"container\" data-settings=\"{&quot;background_background&quot;:&quot;classic&quot;}\">\n\t\t\t\t\t<div class=\"e-con-inner\">\n\t\t<div class=\"elementor-element elementor-element-a52f021 e-con-full e-flex e-con e-child\" data-id=\"a52f021\" data-element_type=\"container\" data-e-type=\"container\">\n\t\t\t\t<div class=\"elementor-element elementor-element-95e42ea fade-anim rd-inner-pg-title elementor-widget elementor-widget-heading\" data-id=\"95e42ea\" data-element_type=\"widget\" data-e-type=\"widget\" data-widget_type=\"heading.default\">\n\t\t\t\t\t<h1 class=\"elementor-heading-title elementor-size-default\">ContaTO<\/h1>\t\t\t\t<\/div>\n\t\t\t\t<\/div>\n\t\t\t\t\t<\/div>\n\t\t\t\t<\/div>\n\t\t<div class=\"elementor-element elementor-element-6a9bbfc e-flex e-con-boxed e-con e-parent\" data-id=\"6a9bbfc\" data-element_type=\"container\" data-e-type=\"container\" data-settings=\"{&quot;background_background&quot;:&quot;classic&quot;}\">\n\t\t\t\t\t<div class=\"e-con-inner\">\n\t\t<div class=\"elementor-element elementor-element-05a5e0d e-con-full e-flex e-con e-child\" data-id=\"05a5e0d\" data-element_type=\"container\" data-e-type=\"container\">\n\t\t<div class=\"elementor-element elementor-element-3058e2b e-con-full e-flex e-con e-child\" data-id=\"3058e2b\" data-element_type=\"container\" data-e-type=\"container\">\n\t\t\t\t<div class=\"elementor-element elementor-element-ac16cb3 fade-anim elementor-widget elementor-widget-heading\" data-id=\"ac16cb3\" data-element_type=\"widget\" data-e-type=\"widget\" data-widget_type=\"heading.default\">\n\t\t\t\t\t<span class=\"elementor-heading-title elementor-size-default\">VAMOS CONVERSAR?<\/span>\t\t\t\t<\/div>\n\t\t\t\t<\/div>\n\t\t<div class=\"elementor-element elementor-element-0107473 e-con-full e-flex e-con e-child\" data-id=\"0107473\" data-element_type=\"container\" data-e-type=\"container\">\n\t\t\t\t<div class=\"elementor-element elementor-element-2a4c210 fade-anim elementor-widget__width-initial elementor-widget elementor-widget-heading\" data-id=\"2a4c210\" data-element_type=\"widget\" data-e-type=\"widget\" data-widget_type=\"heading.default\">\n\t\t\t\t\t<h2 class=\"elementor-heading-title elementor-size-default\">Sua pr\u00f3xima grande ideia come\u00e7a aqui.<\/h2>\t\t\t\t<\/div>\n\t\t\t\t<\/div>\n\t\t\t\t<\/div>\n\t\t\t\t\t<\/div>\n\t\t\t\t<\/div>\n\t\t<div class=\"elementor-element elementor-element-aa17540 e-flex e-con-boxed e-con e-parent\" data-id=\"aa17540\" data-element_type=\"container\" data-e-type=\"container\" data-settings=\"{&quot;background_background&quot;:&quot;classic&quot;}\">\n\t\t\t\t\t<div class=\"e-con-inner\">\n\t\t<div class=\"elementor-element elementor-element-97ae012 e-con-full e-flex e-con e-child\" data-id=\"97ae012\" data-element_type=\"container\" data-e-type=\"container\">\n\t\t\t\t<div class=\"elementor-element elementor-element-e3851b2 fade-anim elementor-widget__width-initial elementor-widget elementor-widget-heading\" data-id=\"e3851b2\" data-element_type=\"widget\" data-e-type=\"widget\" data-widget_type=\"heading.default\">\n\t\t\t\t\t<h3 class=\"elementor-heading-title elementor-size-default\">Vamos construir algo incr\u00edvel juntos. Fale com a gente e d\u00ea o primeiro passo.\n<\/h3>\t\t\t\t<\/div>\n\t\t\t\t<div class=\"elementor-element elementor-element-52ff5a9 elementor-widget elementor-widget-spacer\" data-id=\"52ff5a9\" data-element_type=\"widget\" data-e-type=\"widget\" data-widget_type=\"spacer.default\">\n\t\t\t\t\t\t\t<div class=\"elementor-spacer\">\n\t\t\t<div class=\"elementor-spacer-inner\"><\/div>\n\t\t<\/div>\n\t\t\t\t\t\t<\/div>\n\t\t\t\t<div class=\"elementor-element elementor-element-c028aa5 fade-anim elementor-widget elementor-widget-rt-footer-anchor\" data-id=\"c028aa5\" data-element_type=\"widget\" data-e-type=\"widget\" data-widget_type=\"rt-footer-anchor.default\">\n\t\t\t\t<div class=\"elementor-widget-container\">\n\t\t\t\t\t\r\n    \r\n            <div class=\"rt-footer-anchor-wrap rt-el-section\">\r\n        <div class=\"rt-footer-link\">\r\n          <a class=\"rt-el-text\" href=\"mailto:comercial@mundocoop.com.br\">comercial@mundocoop.com.br<\/a>\r\n        <\/div>\r\n      <\/div>\r\n      \t\t\t\t<\/div>\n\t\t\t\t<\/div>\n\t\t<div class=\"elementor-element elementor-element-97f4877 e-con-full e-flex e-con e-child\" data-id=\"97f4877\" data-element_type=\"container\" data-e-type=\"container\">\n\t\t\t\t<div class=\"elementor-element elementor-element-031e591 fade-anim elementor-widget elementor-widget-heading\" data-id=\"031e591\" data-element_type=\"widget\" data-e-type=\"widget\" data-widget_type=\"heading.default\">\n\t\t\t\t\t<span class=\"elementor-heading-title elementor-size-default\">Siga-nos<\/span>\t\t\t\t<\/div>\n\t\t\t\t<div class=\"elementor-element elementor-element-7ae4e8f fade-anim elementor-widget elementor-widget-rt-footer-anchor\" data-id=\"7ae4e8f\" data-element_type=\"widget\" data-e-type=\"widget\" data-widget_type=\"rt-footer-anchor.default\">\n\t\t\t\t<div class=\"elementor-widget-container\">\n\t\t\t\t\t\r\n    \r\n            <div class=\"rt-footer-anchor-wrap rt-el-section\">\r\n        <div class=\"rt-footer-link\">\r\n          <a class=\"rt-el-text\" href=\"https:\/\/www.facebook.com\/profile.php?id=61566290133152\">Facebook<\/a>\r\n        <\/div>\r\n      <\/div>\r\n      \t\t\t\t<\/div>\n\t\t\t\t<\/div>\n\t\t\t\t<div class=\"elementor-element elementor-element-291ca74 fade-anim elementor-widget elementor-widget-rt-footer-anchor\" data-id=\"291ca74\" data-element_type=\"widget\" data-e-type=\"widget\" data-widget_type=\"rt-footer-anchor.default\">\n\t\t\t\t<div class=\"elementor-widget-container\">\n\t\t\t\t\t\r\n    \r\n            <div class=\"rt-footer-anchor-wrap rt-el-section\">\r\n        <div class=\"rt-footer-link\">\r\n          <a class=\"rt-el-text\" href=\"http:\/\/www.pinterest.com\/oficialmedialab\">Pinterest<\/a>\r\n        <\/div>\r\n      <\/div>\r\n      \t\t\t\t<\/div>\n\t\t\t\t<\/div>\n\t\t\t\t<div class=\"elementor-element elementor-element-f58ea18 fade-anim elementor-widget elementor-widget-rt-footer-anchor\" data-id=\"f58ea18\" data-element_type=\"widget\" data-e-type=\"widget\" data-widget_type=\"rt-footer-anchor.default\">\n\t\t\t\t<div class=\"elementor-widget-container\">\n\t\t\t\t\t\r\n    \r\n            <div class=\"rt-footer-anchor-wrap rt-el-section\">\r\n        <div class=\"rt-footer-link\">\r\n          <a class=\"rt-el-text\" href=\"https:\/\/www.linkedin.com\/company\/oficial-medialab\">LinkedIn<\/a>\r\n        <\/div>\r\n      <\/div>\r\n      \t\t\t\t<\/div>\n\t\t\t\t<\/div>\n\t\t\t\t<div class=\"elementor-element elementor-element-ebb1673 fade-anim elementor-widget elementor-widget-rt-footer-anchor\" data-id=\"ebb1673\" data-element_type=\"widget\" data-e-type=\"widget\" data-widget_type=\"rt-footer-anchor.default\">\n\t\t\t\t<div class=\"elementor-widget-container\">\n\t\t\t\t\t\r\n    \r\n            <div class=\"rt-footer-anchor-wrap rt-el-section\">\r\n        <div class=\"rt-footer-link\">\r\n          <a class=\"rt-el-text\" href=\"https:\/\/www.instagram.com\/oficialmedialab\/\">Instagram<\/a>\r\n        <\/div>\r\n      <\/div>\r\n      \t\t\t\t<\/div>\n\t\t\t\t<\/div>\n\t\t\t\t<\/div>\n\t\t\t\t<\/div>\n\t\t<div class=\"elementor-element elementor-element-2d7922d e-con-full e-flex e-con e-child\" data-id=\"2d7922d\" data-element_type=\"container\" data-e-type=\"container\">\n\t\t\t\t<div class=\"elementor-element elementor-element-3b430ec fade-anim elementor-widget elementor-widget-arrox-contact-form\" data-id=\"3b430ec\" data-element_type=\"widget\" data-e-type=\"widget\" data-widget_type=\"arrox-contact-form.default\">\n\t\t\t\t<div class=\"elementor-widget-container\">\n\t\t\t\t\t\r\n\t\t\r\n\t\t<div class=\"contact-area-contact-page\">\r\n\t\t\t\t\t\t\t\n<div class=\"wpcf7 no-js\" id=\"wpcf7-f13234-o1\" lang=\"en-US\" dir=\"ltr\" data-wpcf7-id=\"13234\">\n<div class=\"screen-reader-response\"><p role=\"status\" aria-live=\"polite\" aria-atomic=\"true\"><\/p> <ul><\/ul><\/div>\n<form action=\"\/medialab\/wp-json\/wp\/v2\/pages\/1059#wpcf7-f13234-o1\" method=\"post\" class=\"wpcf7-form init\" aria-label=\"Contact form\" novalidate=\"novalidate\" data-status=\"init\">\n<fieldset class=\"hidden-fields-container\"><input type=\"hidden\" name=\"_wpcf7\" value=\"13234\" \/><input type=\"hidden\" name=\"_wpcf7_version\" value=\"6.1.5\" \/><input type=\"hidden\" name=\"_wpcf7_locale\" value=\"en_US\" \/><input type=\"hidden\" name=\"_wpcf7_unit_tag\" value=\"wpcf7-f13234-o1\" \/><input type=\"hidden\" name=\"_wpcf7_container_post\" value=\"0\" \/><input type=\"hidden\" name=\"_wpcf7_posted_data_hash\" value=\"\" \/>\n<\/fieldset>\n<div class=\"contact-wrap\">\n\t<div class=\"contact-formwrap\">\n\t\t<div class=\"contact-formfield\">\n\t\t     <span class=\"wpcf7-form-control-wrap\" data-name=\"your-name\"><input size=\"40\" maxlength=\"400\" class=\"wpcf7-form-control wpcf7-text wpcf7-validates-as-required\" id=\"name\" aria-required=\"true\" aria-invalid=\"false\" placeholder=\"Nome\" value=\"\" type=\"text\" name=\"your-name\" \/><\/span>\n\t\t<\/div>\n\t\t<div class=\"contact-formfield\">\n\t\t     <span class=\"wpcf7-form-control-wrap\" data-name=\"your-email\"><input size=\"40\" maxlength=\"400\" class=\"wpcf7-form-control wpcf7-text wpcf7-validates-as-required email\" aria-required=\"true\" aria-invalid=\"false\" placeholder=\"Email\" value=\"\" type=\"text\" name=\"your-email\" \/><\/span>\n\t\t<\/div>\n\t\t<div class=\"contact-formfield\">\n\t             <span class=\"wpcf7-form-control-wrap\" data-name=\"your-phone\"><input size=\"40\" maxlength=\"400\" class=\"wpcf7-form-control wpcf7-text phone\" aria-invalid=\"false\" placeholder=\"Telefone \/ WhatsApp\" value=\"\" type=\"text\" name=\"your-phone\" \/><\/span>\n\t\t<\/div>\n\t\t<div class=\"contact-formfield\">\n\t\t     <span class=\"wpcf7-form-control-wrap\" data-name=\"company\"><input size=\"40\" maxlength=\"400\" class=\"wpcf7-form-control wpcf7-text wpcf7-validates-as-required company\" aria-required=\"true\" aria-invalid=\"false\" placeholder=\"Empresa\/Cooperativa\" value=\"\" type=\"text\" name=\"company\" \/><\/span>\n\t\t<\/div>\n\t\t<div class=\"contact-formfield\">\n\t\t     <span class=\"wpcf7-form-control-wrap\" data-name=\"budget\"><input size=\"40\" maxlength=\"400\" class=\"wpcf7-form-control wpcf7-text wpcf7-validates-as-required budget\" aria-required=\"true\" aria-invalid=\"false\" placeholder=\"Assunto\" value=\"\" type=\"text\" name=\"budget\" \/><\/span>\n\t\t<\/div>\n\t\t<div class=\"contact-formfield\">\n\t\t     <span class=\"wpcf7-form-control-wrap\" data-name=\"subject\"><input size=\"40\" maxlength=\"400\" class=\"wpcf7-form-control wpcf7-text wpcf7-validates-as-required subject\" aria-required=\"true\" aria-invalid=\"false\" placeholder=\"Como podemos ajudar?\" value=\"\" type=\"text\" name=\"subject\" \/><\/span>\n\t\t<\/div>\n\t\t<div class=\"contact-formfield message\">\n\t\t     <span class=\"wpcf7-form-control-wrap\" data-name=\"your-message\"><textarea cols=\"40\" rows=\"10\" maxlength=\"2000\" class=\"wpcf7-form-control wpcf7-textarea message\" aria-invalid=\"false\" placeholder=\"Enviar mensagem\" name=\"your-message\"><\/textarea><\/span>\n\t\t<\/div>\n\t<\/div>\n\t<div class=\"submit-btn\">\n\t\t<button type=\"submit\" class=\"rr-btn arrox-el-btn\">\n\t\t\t<span class=\"btn-wrap\">\n\t\t\t<span class=\"text-one\">Enviar mensagem<\/span>\n\t\t\t<span class=\"text-two\">Enviar mensagem<\/span>\n\t\t\t<\/span>\n\t\t<\/button>\n\t<\/div>\n<\/div><div class=\"wpcf7-response-output\" aria-hidden=\"true\"><\/div>\n<\/form>\n<\/div>\n\r\n\t\t\t\t\t<\/div>\r\n\r\n\t\t\t\t\t\t<\/div>\n\t\t\t\t<\/div>\n\t\t\t\t<\/div>\n\t\t\t\t\t<\/div>\n\t\t\t\t<\/div>\n\t\t<div class=\"elementor-element elementor-element-0651883 e-con-full e-flex e-con e-parent\" data-id=\"0651883\" data-element_type=\"container\" data-e-type=\"container\" data-settings=\"{&quot;background_background&quot;:&quot;classic&quot;}\">\n\t\t\t\t<div class=\"elementor-element elementor-element-678a61a elementor-widget elementor-widget-image\" data-id=\"678a61a\" data-element_type=\"widget\" data-e-type=\"widget\" data-widget_type=\"image.default\">\n\t\t\t\t\t\t\t\t\t\t\t\t\t\t\t<img decoding=\"async\" src=\"https:\/\/mundocoop.com.br\/medialab\/wp-content\/uploads\/elementor\/thumbs\/LOGO-NEGATIVO-scaled-rl3dmteerrcix6q4o886z4tc7ojp242t5prxqw3wlw.png\" title=\"LOGO NEGATIVO\" alt=\"LOGO NEGATIVO\" loading=\"lazy\" \/>\t\t\t\t\t\t\t\t\t\t\t\t\t\t\t<\/div>\n\t\t\t\t<\/div>\n\t\t\t\t<\/div>\n\t\t","protected":false},"excerpt":{"rendered":"<p>ContaTO VAMOS CONVERSAR? Sua pr\u00f3xima grande ideia come\u00e7a aqui. Vamos construir algo incr\u00edvel juntos. Fale com a gente e d\u00ea o primeiro passo. comercial@mundocoop.com.br Siga-nos Facebook Pinterest LinkedIn Instagram Enviar mensagem Enviar mensagem<\/p>\n","protected":false},"author":1,"featured_media":0,"parent":0,"menu_order":0,"comment_status":"closed","ping_status":"closed","template":"elementor_header_footer","meta":{"footnotes":""},"class_list":["post-1059","page","type-page","status-publish","hentry"],"aioseo_notices":[],"_links":{"self":[{"href":"https:\/\/mundocoop.com.br\/medialab\/wp-json\/wp\/v2\/pages\/1059","targetHints":{"allow":["GET"]}}],"collection":[{"href":"https:\/\/mundocoop.com.br\/medialab\/wp-json\/wp\/v2\/pages"}],"about":[{"href":"https:\/\/mundocoop.com.br\/medialab\/wp-json\/wp\/v2\/types\/page"}],"author":[{"embeddable":true,"href":"https:\/\/mundocoop.com.br\/medialab\/wp-json\/wp\/v2\/users\/1"}],"replies":[{"embeddable":true,"href":"https:\/\/mundocoop.com.br\/medialab\/wp-json\/wp\/v2\/comments?post=1059"}],"version-history":[{"count":27,"href":"https:\/\/mundocoop.com.br\/medialab\/wp-json\/wp\/v2\/pages\/1059\/revisions"}],"predecessor-version":[{"id":19178,"href":"https:\/\/mundocoop.com.br\/medialab\/wp-json\/wp\/v2\/pages\/1059\/revisions\/19178"}],"wp:attachment":[{"href":"https:\/\/mundocoop.com.br\/medialab\/wp-json\/wp\/v2\/media?parent=1059"}],"curies":[{"name":"wp","href":"https:\/\/api.w.org\/{rel}","templated":true}]}}